{"id":2,"date":"2017-11-14T16:35:54","date_gmt":"2017-11-14T15:35:54","guid":{"rendered":"http:\/\/uneglaceaparis.fr\/web\/?page_id=2"},"modified":"2019-03-25T15:20:52","modified_gmt":"2019-03-25T14:20:52","slug":"page-d-exemple","status":"publish","type":"page","link":"https:\/\/uneglaceaparis.fr\/web\/index.php\/page-d-exemple\/","title":{"rendered":"EMMANUEL &#038; OLIVIER"},"content":{"rendered":"<p>[et_pb_section bb_built=\u00a0\u00bb1&Prime; _builder_version=\u00a0\u00bb3.0.47&Prime; custom_padding=\u00a0\u00bb0px|0px|0px|0px\u00a0\u00bb next_background_color=\u00a0\u00bb#000000&Prime;][et_pb_row custom_padding=\u00a0\u00bb3px|0px|0px|0px\u00a0\u00bb _builder_version=\u00a0\u00bb3.0.47&Prime; background_size=\u00a0\u00bbinitial\u00a0\u00bb background_position=\u00a0\u00bbtop_left\u00a0\u00bb background_repeat=\u00a0\u00bbrepeat\u00a0\u00bb][et_pb_column type=\u00a0\u00bb4_4&Prime;][et_pb_image _builder_version=\u00a0\u00bb3.0.87&Prime; src=\u00a0\u00bbhttp:\/\/uneglaceaparis.fr\/web\/wp-content\/uploads\/2017\/11\/olivier-et-emmanuel.jpg\u00a0\u00bb show_in_lightbox=\u00a0\u00bboff\u00a0\u00bb url_new_window=\u00a0\u00bboff\u00a0\u00bb use_overlay=\u00a0\u00bboff\u00a0\u00bb align=\u00a0\u00bbcenter\u00a0\u00bb always_center_on_mobile=\u00a0\u00bbon\u00a0\u00bb force_fullwidth=\u00a0\u00bboff\u00a0\u00bb show_bottom_space=\u00a0\u00bbon\u00a0\u00bb \/][\/et_pb_column][\/et_pb_row][et_pb_row custom_padding=\u00a0\u00bb60px|0px|0px|0px\u00a0\u00bb _builder_version=\u00a0\u00bb3.0.47&Prime; background_size=\u00a0\u00bbinitial\u00a0\u00bb background_position=\u00a0\u00bbtop_left\u00a0\u00bb background_repeat=\u00a0\u00bbrepeat\u00a0\u00bb][et_pb_column type=\u00a0\u00bb1_3&Prime;][et_pb_image src=\u00a0\u00bbhttp:\/\/uneglaceaparis.fr\/web\/wp-content\/uploads\/2017\/11\/EO.png\u00a0\u00bb align=\u00a0\u00bbright\u00a0\u00bb disabled_on=\u00a0\u00bbon|on|\u00a0\u00bb _builder_version=\u00a0\u00bb3.0.87&Prime; border_style_all=\u00a0\u00bbnone\u00a0\u00bb \/][\/et_pb_column][et_pb_column type=\u00a0\u00bb2_3&Prime;][et_pb_text _builder_version=\u00a0\u00bb3.0.87&Prime; text_orientation=\u00a0\u00bbjustified\u00a0\u00bb module_alignment=\u00a0\u00bbleft\u00a0\u00bb background_layout=\u00a0\u00bblight\u00a0\u00bb]<\/p>\n<h1><span style=\"color: #88aecd;\">EMMANUEL RYON<br \/><\/span><\/h1>\n<h1><span style=\"color: #778088;\">ET OLIVIER MENARD<\/span><\/h1>\n<p><span style=\"color: #88aecd;\">Une Glace \u00e0 Paris, c\u2019est avant tout l\u2019aventure de deux amis p\u00e2tissiers\u2026 fous de glace\u00a0! Emmanuel Ryon &#8211; Meilleur Ouvrier de France Glacier et Champion du Monde de P\u00e2tisserie \u2013 et Olivier M\u00e9nard ont travaill\u00e9 pour les plus belles maisons \u00e0 l\u2019international tout en gardant dans un coin de leur t\u00eate, le r\u00eave de cr\u00e9er une vraie p\u00e2tisserie glac\u00e9e \u00e0 Paris. Deux talents compl\u00e9mentaires, deux savoir-faire d\u2019excellence, l\u2019envie de croquer le monde et de partager un amour immod\u00e9r\u00e9 pour les glaces\u00a0!<\/span><\/p>\n<p><strong>Pari tenu, ils ouvrent Une Glace \u00e0 Paris en 2015 dans le quartier du Maris et poursuivent l\u2019aventure avec une seconde boutique \u00e0 Montmartre.<\/strong><\/p>\n<p><a href=\"http:\/\/uneglaceaparis.fr\/web\/index.php\/emmanuel-ryon\/\">&gt;&gt; Partez \u00e0 la rencontre d\u2019Emmanuel Ryon<\/a><\/p>\n<p><a href=\"http:\/\/uneglaceaparis.fr\/web\/index.php\/olivier-menard\/\">&gt;&gt; et d&rsquo;Olivier M\u00e9nard<\/a><\/p>\n<p>[\/et_pb_text][\/et_pb_column][\/et_pb_row][\/et_pb_section][et_pb_section bb_built=\u00a0\u00bb1&Prime; _builder_version=\u00a0\u00bb3.0.87&Prime; custom_padding=\u00a0\u00bb0px|0px|0px|0px\u00a0\u00bb prev_background_color=\u00a0\u00bb#000000&Prime; global_module=\u00a0\u00bb520&Prime;][et_pb_row global_parent=\u00a0\u00bb520&Prime; custom_padding=\u00a0\u00bb0|0px|0px|0px|false|false\u00a0\u00bb _builder_version=\u00a0\u00bb3.17.6&Prime; background_size=\u00a0\u00bbinitial\u00a0\u00bb background_position=\u00a0\u00bbtop_left\u00a0\u00bb background_repeat=\u00a0\u00bbrepeat\u00a0\u00bb custom_margin=\u00a0\u00bb-50px||\u00a0\u00bb][et_pb_column type=\u00a0\u00bb4_4&Prime;][et_pb_divider global_parent=\u00a0\u00bb520&Prime; color=\u00a0\u00bb#ffffff\u00a0\u00bb height=\u00a0\u00bb2px\u00a0\u00bb _builder_version=\u00a0\u00bb3.2&Prime; background_color=\u00a0\u00bb#778088&Prime; custom_margin=\u00a0\u00bb100px|||\u00a0\u00bb \/][et_pb_text global_parent=\u00a0\u00bb520&Prime; _builder_version=\u00a0\u00bb3.0.87&Prime;]<\/p>\n<h1 style=\"text-align: center;\">UNE GLACE \u00c0 PARIS<\/h1>\n<p>[\/et_pb_text][\/et_pb_column][\/et_pb_row][et_pb_row global_parent=\u00a0\u00bb520&Prime; custom_padding=\u00a0\u00bb0px|0px|27px|0px\u00a0\u00bb _builder_version=\u00a0\u00bb3.0.87&Prime; background_size=\u00a0\u00bbinitial\u00a0\u00bb background_position=\u00a0\u00bbtop_left\u00a0\u00bb background_repeat=\u00a0\u00bbrepeat\u00a0\u00bb][et_pb_column type=\u00a0\u00bb1_3&Prime;][et_pb_text admin_label=\u00a0\u00bbMarais\u00a0\u00bb global_parent=\u00a0\u00bb520&Prime; _builder_version=\u00a0\u00bb3.17.6&Prime;]<\/p>\n<p><strong>La boutique du Marais<\/strong><br \/>15 rue saint Croix de la Bretonnerie 75004 Paris<br \/>01 49 96 98 33<br \/>contact@une-glace-a-paris.fr<\/p>\n<p>HORAIRES DE LA BOUTIQUE<br \/>mercredi :\u00a013h00 \u00e0 20h00<br \/>jeudi : 13h00 \u00e0 20h00<br \/>Vendredi : 13h00 \u00e0 20h00<br \/>Samedi : 12h00 \u00e0 20h00<br \/>Dimanche : 12h00 \u00e0 19h30<br \/>Ferm\u00e9 les lundi et mardi<\/p>\n<p>HORAIRES DU SALON DE THE<br \/>mercredi :\u00a013h00 \u00e0 18h00<br \/>jeudi : 13h00 \u00e0 18h00<br \/>Vendredi : 13h00 \u00e0 18h00<br \/>Samedi :\u00a013h00 \u00e0 18h00<br \/>Dimanche : 13h00 \u00e0 18h00<br \/>Ferm\u00e9 les lundi et mardi<\/p>\n<p>[\/et_pb_text][\/et_pb_column][et_pb_column type=\u00a0\u00bb1_3&Prime;][et_pb_text admin_label=\u00a0\u00bbAbbesses\u00a0\u00bb global_parent=\u00a0\u00bb520&Prime; _builder_version=\u00a0\u00bb3.17.6&Prime;]<\/p>\n<p>\u00a0<\/p>\n<p style=\"text-align: left;\"><strong>La boutique de Montmartre<\/strong><br \/>44 rue des Abbesses 75018 Paris<br \/>01 42 57 33 40<br \/>contact@une-glace-a-paris.fr<\/p>\n<p style=\"text-align: left;\">HORAIRES DE LA BOUTIQUE<br \/>Mercredi :\u00a013h00 \u00e0 20h00\u00a0<br \/>Jeudi : 13h00 \u00e0 20h00<br \/>Vendredi :\u00a013h00 \u00e0 20h00<br \/>Samedi : 13h00 \u00e0 20h00<br \/>Dimanche : 11h00 \u00e013h00 et 14h00 \u00e0 19h00<br \/>ferm\u00e9 lundi et mardi<\/p>\n<p>\u00a0<\/p>\n<p>[\/et_pb_text][\/et_pb_column][et_pb_column type=\u00a0\u00bb1_3&Prime;][et_pb_text global_parent=\u00a0\u00bb520&Prime; _builder_version=\u00a0\u00bb3.0.87&Prime;]<\/p>\n<p><strong>Contacts et r\u00e9seaux sociaux<\/strong><br \/><a href=\"mailto:Contact@une-glace-a-paris.fr\">Contact@une-glace-a-paris.fr<\/a><\/p>\n<p><a href=\"https:\/\/www.facebook.com\/Une-glace-%C3%A0-Paris-1609031112677983\/\" target=\"_blank\" rel=\"noopener\">Facebook<\/a><\/p>\n<p><a href=\"https:\/\/www.instagram.com\/une_glace_a_paris\/?hl=fr\" target=\"_blank\" rel=\"noopener\">Instagram<\/a><\/p>\n<p>Directeurs de la publication : Emmanuel Ryon &amp;\u00a0<a href=\"mailto:contact@etsens.fr\">Anne Lardeur<\/a><\/p>\n<p><a href=\"http:\/\/www.ynote.fr\">Conception, r\u00e9alisation, gestion du site : YNOTE<\/a><\/p>\n<p>Photos: Grant Symon.<\/p>\n<p><a href=\"http:\/\/www.ynote.fr\">Informations H\u00e9bergeur : YNOTE, 101 rue de S\u00e8vres 75279 Paris Cedex 06<\/a><\/p>\n<p>[\/et_pb_text][\/et_pb_column][\/et_pb_row][et_pb_row global_parent=\u00a0\u00bb520&Prime; _builder_version=\u00a0\u00bb3.0.48&Prime; background_size=\u00a0\u00bbinitial\u00a0\u00bb background_position=\u00a0\u00bbtop_left\u00a0\u00bb background_repeat=\u00a0\u00bbrepeat\u00a0\u00bb][et_pb_column type=\u00a0\u00bb4_4&Prime;][\/et_pb_column][\/et_pb_row][\/et_pb_section]<\/p>\n","protected":false},"excerpt":{"rendered":"<p>[et_pb_section bb_built=\u00a0\u00bb1&Prime; _builder_version=\u00a0\u00bb3.0.47&Prime; custom_padding=\u00a0\u00bb0px|0px|0px|0px\u00a0\u00bb next_background_color=\u00a0\u00bb#000000&Prime;][et_pb_row custom_padding=\u00a0\u00bb3px|0px|0px|0px\u00a0\u00bb _builder_version=\u00a0\u00bb3.0.47&Prime; background_size=\u00a0\u00bbinitial\u00a0\u00bb background_position=\u00a0\u00bbtop_left\u00a0\u00bb background_repeat=\u00a0\u00bbrepeat\u00a0\u00bb][et_pb_column type=\u00a0\u00bb4_4&Prime;][et_pb_image _builder_version=\u00a0\u00bb3.0.87&Prime; src=\u00a0\u00bbhttp:\/\/uneglaceaparis.fr\/web\/wp-content\/uploads\/2017\/11\/olivier-et-emmanuel.jpg\u00a0\u00bb show_in_lightbox=\u00a0\u00bboff\u00a0\u00bb url_new_window=\u00a0\u00bboff\u00a0\u00bb use_overlay=\u00a0\u00bboff\u00a0\u00bb align=\u00a0\u00bbcenter\u00a0\u00bb always_center_on_mobile=\u00a0\u00bbon\u00a0\u00bb force_fullwidth=\u00a0\u00bboff\u00a0\u00bb show_bottom_space=\u00a0\u00bbon\u00a0\u00bb \/][\/et_pb_column][\/et_pb_row][et_pb_row custom_padding=\u00a0\u00bb60px|0px|0px|0px\u00a0\u00bb _builder_version=\u00a0\u00bb3.0.47&Prime; background_size=\u00a0\u00bbinitial\u00a0\u00bb background_position=\u00a0\u00bbtop_left\u00a0\u00bb background_repeat=\u00a0\u00bbrepeat\u00a0\u00bb][et_pb_column type=\u00a0\u00bb1_3&Prime;][et_pb_image src=\u00a0\u00bbhttp:\/\/uneglaceaparis.fr\/web\/wp-content\/uploads\/2017\/11\/EO.png\u00a0\u00bb align=\u00a0\u00bbright\u00a0\u00bb disabled_on=\u00a0\u00bbon|on|\u00a0\u00bb _builder_version=\u00a0\u00bb3.0.87&Prime; border_style_all=\u00a0\u00bbnone\u00a0\u00bb \/][\/et_pb_column][et_pb_column type=\u00a0\u00bb2_3&Prime;][et_pb_text _builder_version=\u00a0\u00bb3.0.87&Prime; text_orientation=\u00a0\u00bbjustified\u00a0\u00bb module_alignment=\u00a0\u00bbleft\u00a0\u00bb background_layout=\u00a0\u00bblight\u00a0\u00bb] EMMANUEL RYON ET OLIVIER MENARD Une Glace \u00e0 Paris, c\u2019est avant tout l\u2019aventure de deux amis p\u00e2tissiers\u2026 [&hellip;]<\/p>\n","protected":false},"author":3,"featured_media":0,"parent":0,"menu_order":0,"comment_status":"closed","ping_status":"open","template":"","meta":[],"_links":{"self":[{"href":"https:\/\/uneglaceaparis.fr\/web\/index.php\/wp-json\/wp\/v2\/pages\/2"}],"collection":[{"href":"https:\/\/uneglaceaparis.fr\/web\/index.php\/wp-json\/wp\/v2\/pages"}],"about":[{"href":"https:\/\/uneglaceaparis.fr\/web\/index.php\/wp-json\/wp\/v2\/types\/page"}],"author":[{"embeddable":true,"href":"https:\/\/uneglaceaparis.fr\/web\/index.php\/wp-json\/wp\/v2\/users\/3"}],"replies":[{"embeddable":true,"href":"https:\/\/uneglaceaparis.fr\/web\/index.php\/wp-json\/wp\/v2\/comments?post=2"}],"version-history":[{"count":21,"href":"https:\/\/uneglaceaparis.fr\/web\/index.php\/wp-json\/wp\/v2\/pages\/2\/revisions"}],"predecessor-version":[{"id":1083,"href":"https:\/\/uneglaceaparis.fr\/web\/index.php\/wp-json\/wp\/v2\/pages\/2\/revisions\/1083"}],"wp:attachment":[{"href":"https:\/\/uneglaceaparis.fr\/web\/index.php\/wp-json\/wp\/v2\/media?parent=2"}],"curies":[{"name":"wp","href":"https:\/\/api.w.org\/{rel}","templated":true}]}}