{"id":233,"date":"2017-11-23T16:50:54","date_gmt":"2017-11-23T15:50:54","guid":{"rendered":"http:\/\/uneglaceaparis.fr\/web\/?page_id=233"},"modified":"2022-03-29T12:27:30","modified_gmt":"2022-03-29T10:27:30","slug":"emmanuel-ryon","status":"publish","type":"page","link":"https:\/\/uneglaceaparis.fr\/web\/index.php\/emmanuel-ryon\/","title":{"rendered":"EMMANUEL RYON"},"content":{"rendered":"<p>[et_pb_section bb_built=\u00a0\u00bb1&Prime; _builder_version=\u00a0\u00bb3.0.47&Prime; custom_padding=\u00a0\u00bb0px|0px|0px|0px\u00a0\u00bb next_background_color=\u00a0\u00bb#000000&Prime;][et_pb_row custom_padding=\u00a0\u00bb3px|0px|0px|0px\u00a0\u00bb _builder_version=\u00a0\u00bb3.0.47&Prime; background_size=\u00a0\u00bbinitial\u00a0\u00bb background_position=\u00a0\u00bbtop_left\u00a0\u00bb background_repeat=\u00a0\u00bbrepeat\u00a0\u00bb][et_pb_column type=\u00a0\u00bb4_4&Prime;][et_pb_image _builder_version=\u00a0\u00bb3.0.87&Prime; src=\u00a0\u00bbhttp:\/\/uneglaceaparis.fr\/web\/wp-content\/uploads\/2017\/11\/UneGlaceParis-Ptrait-Ryon-HRz.jpg\u00a0\u00bb show_in_lightbox=\u00a0\u00bboff\u00a0\u00bb url_new_window=\u00a0\u00bboff\u00a0\u00bb use_overlay=\u00a0\u00bboff\u00a0\u00bb align=\u00a0\u00bbcenter\u00a0\u00bb always_center_on_mobile=\u00a0\u00bboff\u00a0\u00bb force_fullwidth=\u00a0\u00bboff\u00a0\u00bb show_bottom_space=\u00a0\u00bbon\u00a0\u00bb \/][\/et_pb_column][\/et_pb_row][et_pb_row custom_padding=\u00a0\u00bb60px|0px|0px|0px\u00a0\u00bb _builder_version=\u00a0\u00bb3.0.87&Prime; background_size=\u00a0\u00bbinitial\u00a0\u00bb background_position=\u00a0\u00bbtop_left\u00a0\u00bb background_repeat=\u00a0\u00bbrepeat\u00a0\u00bb][et_pb_column type=\u00a0\u00bb1_3&Prime;][et_pb_image src=\u00a0\u00bbhttp:\/\/uneglaceaparis.fr\/web\/wp-content\/uploads\/2017\/11\/E.png\u00a0\u00bb disabled_on=\u00a0\u00bbon|on|\u00a0\u00bb _builder_version=\u00a0\u00bb3.0.87&Prime; border_style_all=\u00a0\u00bbnone\u00a0\u00bb show_in_lightbox=\u00a0\u00bboff\u00a0\u00bb url_new_window=\u00a0\u00bboff\u00a0\u00bb use_overlay=\u00a0\u00bboff\u00a0\u00bb always_center_on_mobile=\u00a0\u00bbon\u00a0\u00bb force_fullwidth=\u00a0\u00bboff\u00a0\u00bb show_bottom_space=\u00a0\u00bbon\u00a0\u00bb align=\u00a0\u00bbright\u00a0\u00bb animation_style=\u00a0\u00bbbounce\u00a0\u00bb \/][\/et_pb_column][et_pb_column type=\u00a0\u00bb2_3&Prime;][et_pb_text _builder_version=\u00a0\u00bb3.0.87&Prime; text_orientation=\u00a0\u00bbjustified\u00a0\u00bb module_alignment=\u00a0\u00bbleft\u00a0\u00bb background_layout=\u00a0\u00bblight\u00a0\u00bb]<\/p>\n<h1><span style=\"color: #88aecd;\">EMMANUEL<\/span><br \/>\n<span style=\"color: #778088;\">RYON<\/span><\/h1>\n<p><span style=\"color: #88aecd;\">Pour Emmanuel Ryon , la gourmandise c\u2019est avant tout une histoire de famille\u2026 Toute son enfance est baign\u00e9e des talents de cuisini\u00e8res de sa m\u00e8re et sa grand-m\u00e8re, mais aussi par son oncle, p\u00e2tissier \u00e0 Fernet Voltaire en Suisse. Son CAP en poche, Emmanuel Ryon part suivre des stages tr\u00e8s formateurs et c\u2019est son attirance pour les concours qui va lui permettre de d\u00e9couvrir qu\u2019il est capable de cr\u00e9er et concr\u00e9tiser r\u00eaves et id\u00e9es. Il va participer \u00e0 25 concours, les gagner la plupart du temps, jusqu\u2019\u00e0 devenir Champion du Monde de P\u00e2tisserie en 1999 et Meilleur Ouvrier de France Glacier en 2000. Son go\u00fbt des voyages va s\u2019\u00e9panouir dans l\u2019\u00e9cole de p\u00e2tisserie Bellouet Conseil, qui le recrute pour former des professionnels \u00e0 l\u2019international, faire des d\u00e9monstrations, \u00e9crire un livre sur les glaces\u2026 Et c\u2019est l\u00e0 qu\u2019Emmanuel rencontre Olivier !<\/span><\/p>\n<p>[\/et_pb_text][\/et_pb_column][\/et_pb_row][\/et_pb_section][et_pb_section bb_built=\u00a0\u00bb1&Prime; _builder_version=\u00a0\u00bb3.0.47&Prime; custom_padding=\u00a0\u00bb0px|0px|0px|0px\u00a0\u00bb prev_background_color=\u00a0\u00bb#000000&Prime; next_background_color=\u00a0\u00bb#000000&Prime;][et_pb_row custom_padding=\u00a0\u00bb27px|0px|0px|0px\u00a0\u00bb _builder_version=\u00a0\u00bb3.0.47&Prime; background_size=\u00a0\u00bbinitial\u00a0\u00bb background_position=\u00a0\u00bbtop_left\u00a0\u00bb background_repeat=\u00a0\u00bbrepeat\u00a0\u00bb][et_pb_column type=\u00a0\u00bb2_3&Prime;][et_pb_image _builder_version=\u00a0\u00bb3.0.87&Prime; src=\u00a0\u00bbhttp:\/\/uneglaceaparis.fr\/web\/wp-content\/uploads\/2017\/11\/meringue.jpg\u00a0\u00bb show_in_lightbox=\u00a0\u00bboff\u00a0\u00bb url_new_window=\u00a0\u00bboff\u00a0\u00bb use_overlay=\u00a0\u00bboff\u00a0\u00bb align=\u00a0\u00bbright\u00a0\u00bb always_center_on_mobile=\u00a0\u00bbon\u00a0\u00bb force_fullwidth=\u00a0\u00bboff\u00a0\u00bb show_bottom_space=\u00a0\u00bbon\u00a0\u00bb animation_style=\u00a0\u00bbslide\u00a0\u00bb animation_direction=\u00a0\u00bbright\u00a0\u00bb \/][\/et_pb_column][et_pb_column type=\u00a0\u00bb1_3&Prime;][et_pb_text _builder_version=\u00a0\u00bb3.17.6&Prime; text_orientation=\u00a0\u00bbjustified\u00a0\u00bb module_alignment=\u00a0\u00bbleft\u00a0\u00bb]<\/p>\n<p>Puis arrive la collaboration avec Andrei Dellos, fondateur du Caf\u00e9 Pouchkine ainsi que de tous les restaurants attenants \u00e0 Moscou, Paris et New York, qui lui permet de cr\u00e9er une p\u00e2tisserie de r\u00eave\u2026 Fin 2012, Emmanuel Ryon met fin \u00e0 son aventure russe et entame des collaborations avec de grands chefs dont Anne-Sophie Pic, qui lui propose une rencontre entre la p\u00e2tisserie et la cuisine autour de v\u00e9ritables constructions de saveurs, de textures, de couleurs\u2026 Et il cr\u00e9e des desserts raffin\u00e9s, in\u00e9dits, r\u00e9solument diff\u00e9rents qui viennent au fil des semaines enrichir les cartes de tous les restaurants d\u2019Anne-Sophie Pic \u00e0 Valence, Lausanne et Paris. En octobre 2014, Emmanuel Ryon inaugure le Frank, le restaurant de la Fondation Louis Vuitton, restaurant pour lequel il cr\u00e9e une collection de p\u00e2tisseries et de glaces, des g\u00e2teaux appartenant \u00e0 la cuisine fran\u00e7aise revus dans un esprit de voyage et de raffinement\u2026<\/p>\n<p>Les g\u00e2teaux qu\u2019Emmanuel Ryon aime r\u00e9aliser appartiennent \u00e0 l\u2019histoire de la p\u00e2tisserie fran\u00e7aise\u2026 En r\u00e9alit\u00e9, il les r\u00e9invente sans toucher \u00e0 la structure d\u2019origine car il croit profond\u00e9ment que le pass\u00e9 permet de cr\u00e9er le futur et tente ainsi avec succ\u00e8s, d\u2019allier la technique et la spontan\u00e9it\u00e9\u2026 Le travail des textures est au coeur de ses p\u00e2tisseries car cette sensation en bouche de croustillant, de moelleux, constitue la premi\u00e8re approche du go\u00fbt. Approche toute en sensualit\u00e9, d\u00e9licatesse, humour aussi. Sa texture de r\u00e9f\u00e9rence est en fait la cr\u00e8me glac\u00e9e \u00e0 la vanille qu\u2019il explore sans cesse, abandonne, retrouve et qui fonde la base de son go\u00fbt en p\u00e2tisserie et en glaces.<\/p>\n<p>Les textures servent \u00e0 cr\u00e9er des \u00e9tapes dans la d\u00e9gustation d\u2019un g\u00e2teau <a style=\"color: inherit !important; text-decoration: none;\" href=\"https:\/\/topnewsinc.com\/2021\/04\/07\/a-dog-owners-guide-to-a-clean-home\/\">regular or one-time<\/a>, des \u00e9tapes qui m\u00e8nent \u00e0 une saveur finale qui est le coeur de sa cr\u00e9ation.<\/p>\n<p>Les deux amis ont donc r\u00e9uni tous les ingr\u00e9dients pour initier ce plaisir in\u00e9dit : cr\u00e9er de nouveaux d\u00e9lices glac\u00e9s.<\/p>\n<p>Leurs exp\u00e9riences compl\u00e9mentaires, leurs savoir-faire, leur inventivit\u00e9 et leur envie de cr\u00e9er un go\u00fbt singulier, une histoire diff\u00e9rente, s\u2019enracinent dor\u00e9navant au 15 rue Sainte Croix de la Bretonnerie, leur premi\u00e8re adresse parisienne.<\/p>\n<p><strong>&nbsp;<\/strong><\/p>\n<p><a href=\"http:\/\/emmanuel-ryon.com\/\">D\u00e9couvrez le site d\u2019Emmanuel Ryon &gt;&gt;<\/a><\/p>\n<p><strong>&nbsp;<\/strong><\/p>\n<p>[\/et_pb_text][\/et_pb_column][\/et_pb_row][\/et_pb_section][et_pb_section bb_built=\u00a0\u00bb1&Prime; _builder_version=\u00a0\u00bb3.17.6&Prime; custom_padding=\u00a0\u00bb0px|0px|0px|0px\u00a0\u00bb prev_background_color=\u00a0\u00bb#000000&Prime; global_module=\u00a0\u00bb520&Prime;][et_pb_row global_parent=\u00a0\u00bb520&Prime; custom_padding=\u00a0\u00bb0|0px|0px|0px|false|false\u00a0\u00bb _builder_version=\u00a0\u00bb3.17.6&Prime; background_size=\u00a0\u00bbinitial\u00a0\u00bb background_position=\u00a0\u00bbtop_left\u00a0\u00bb background_repeat=\u00a0\u00bbrepeat\u00a0\u00bb custom_margin=\u00a0\u00bb-50px||\u00a0\u00bb][et_pb_column type=\u00a0\u00bb4_4&Prime;][et_pb_divider global_parent=\u00a0\u00bb520&Prime; color=\u00a0\u00bb#ffffff\u00a0\u00bb height=\u00a0\u00bb2px\u00a0\u00bb _builder_version=\u00a0\u00bb3.17.6&Prime; background_color=\u00a0\u00bb#778088&Prime; custom_margin=\u00a0\u00bb100px|||\u00a0\u00bb \/][\/et_pb_column][\/et_pb_row][et_pb_row global_parent=\u00a0\u00bb520&Prime; custom_padding=\u00a0\u00bb0px|0px|27px|0px\u00a0\u00bb _builder_version=\u00a0\u00bb3.17.6&Prime; background_size=\u00a0\u00bbinitial\u00a0\u00bb background_position=\u00a0\u00bbtop_left\u00a0\u00bb background_repeat=\u00a0\u00bbrepeat\u00a0\u00bb][et_pb_column type=\u00a0\u00bb1_3&Prime;][et_pb_text admin_label=\u00a0\u00bbMarais\u00a0\u00bb global_parent=\u00a0\u00bb520&Prime; _builder_version=\u00a0\u00bb3.17.6&Prime;]<\/p>\n<p>\u00a0<\/p>\n<h1>\u00a0<\/h1>\n<h1><span style=\"font-size: 18pt;\">La boutique du Marais<\/span><\/h1>\n<p>15 rue saint Croix de la Bretonnerie 75004 Paris<br \/>01 49 96 98 33<br \/><a href=\"mailto:contact@une-glace-a-paris.fr\">contact@une-glace-a-paris.fr<\/a><\/p>\n<p>HORAIRES DE LA BOUTIQUE<br \/>Lundi: <strong>FERM\u00c9<\/strong><br \/>Mardi: <strong>FERM\u00c9<\/strong><br \/>Mercredi: 13H-19H30<br \/>Jeudi: 13H-19H30<br \/>Vendredi: 13H-19H30<br \/>Samedi: 13H-19H30<br \/>Dimanche: 13H-18H30<\/p>\n<p><strong>SALON DE TH\u00c9 FERM\u00c9<\/strong><\/p>\n<p>\u00a0<\/p>\n<p>\u00a0<\/p>\n<p>[\/et_pb_text][\/et_pb_column][et_pb_column type=\u00a0\u00bb1_3&Prime;][et_pb_text admin_label=\u00a0\u00bbAbbesses\u00a0\u00bb global_parent=\u00a0\u00bb520&Prime; _builder_version=\u00a0\u00bb3.17.6&Prime;]<\/p>\n<p>\u00a0<\/p>\n<p>\u00a0<\/p>\n<p>\u00a0<\/p>\n<h2><span style=\"font-size: 18pt;\">La boutique de Montmartre<\/span><\/h2>\n<p>16 place des Abbesses 75018 Paris<br \/>01 42 57 33 40<br \/><a href=\"mailto:contact@une-glace-a-paris.fr\">contact@une-glace-a-paris.fr<\/a><\/p>\n<p>HORAIRES DE LA BOUTIQUE<br \/>Lundi: <strong>FERM\u00c9<\/strong><br \/>Mardi: <strong>FERM\u00c9<\/strong><br \/>Mercredi: 13H-19H30<br \/>Jeudi: 13H-19H30<br \/>Vendredi: 13H-19H30<br \/>Samedi: 11H-13H30 \/ 14h30-19H30<br \/>Dimanche: 11H-13H30 \/ 14h30-18H30<\/p>\n<p><strong>FERMETURE DE LA TERRASSE 15MIN AVANT LA BOUTIQUE<\/strong><\/p>\n<p>\u00a0<\/p>\n<p>\u00a0<\/p>\n<p>[\/et_pb_text][\/et_pb_column][et_pb_column type=\u00a0\u00bb1_3&Prime;][et_pb_text global_parent=\u00a0\u00bb520&Prime; _builder_version=\u00a0\u00bb3.17.6&Prime;]<\/p>\n<p>\u00a0<\/p>\n<p><strong>Contacts et r\u00e9seaux sociaux<\/strong><br \/><a href=\"mailto:Contact@une-glace-a-paris.fr\">Contact@une-glace-a-paris.fr<\/a><\/p>\n<p><a href=\"https:\/\/www.facebook.com\/Une-glace-%C3%A0-Paris-1609031112677983\/\" target=\"_blank\" rel=\"noopener\">Facebook<\/a><\/p>\n<p><a href=\"https:\/\/www.instagram.com\/une_glace_a_paris\/?hl=fr\" target=\"_blank\" rel=\"noopener\">Instagram<\/a><\/p>\n<p>Directeurs de la publication : Emmanuel Ryon &amp;\u00a0<a href=\"mailto:Contact@une-glace-a-paris.fr\">Olivier M\u00e9nard<\/a><\/p>\n<p><a href=\"http:\/\/www.secur-cloud.com\">Conception, r\u00e9alisation, gestion du site : Secur-Cloud<\/a><\/p>\n<p>Photos: Grant Symon.<\/p>\n<p>Presse: Vinciane Fesquet \/ Agence &amp;Sens: 01 43 35 46 78 \/ Oliver M\u00e9nard<\/p>\n<p><a href=\"http:\/\/www.secur-cloud.com\">Informations H\u00e9bergeur : Secur-Cloud, 2 rue saint Hilaire 92 700 Colombes<\/a><\/p>\n<p>Graphiste: Esther Szac.<\/p>\n<p>[\/et_pb_text][\/et_pb_column][\/et_pb_row][et_pb_row global_parent=\u00a0\u00bb520&Prime; _builder_version=\u00a0\u00bb3.0.48&Prime; background_size=\u00a0\u00bbinitial\u00a0\u00bb background_position=\u00a0\u00bbtop_left\u00a0\u00bb background_repeat=\u00a0\u00bbrepeat\u00a0\u00bb][et_pb_column type=\u00a0\u00bb4_4&Prime;][\/et_pb_column][\/et_pb_row][\/et_pb_section]<\/p>\n","protected":false},"excerpt":{"rendered":"<p>[et_pb_section bb_built=\u00a0\u00bb1&Prime; _builder_version=\u00a0\u00bb3.0.47&Prime; custom_padding=\u00a0\u00bb0px|0px|0px|0px\u00a0\u00bb next_background_color=\u00a0\u00bb#000000&Prime;][et_pb_row custom_padding=\u00a0\u00bb3px|0px|0px|0px\u00a0\u00bb _builder_version=\u00a0\u00bb3.0.47&Prime; background_size=\u00a0\u00bbinitial\u00a0\u00bb background_position=\u00a0\u00bbtop_left\u00a0\u00bb background_repeat=\u00a0\u00bbrepeat\u00a0\u00bb][et_pb_column type=\u00a0\u00bb4_4&Prime;][et_pb_image _builder_version=\u00a0\u00bb3.0.87&Prime; src=\u00a0\u00bbhttp:\/\/uneglaceaparis.fr\/web\/wp-content\/uploads\/2017\/11\/UneGlaceParis-Ptrait-Ryon-HRz.jpg\u00a0\u00bb show_in_lightbox=\u00a0\u00bboff\u00a0\u00bb url_new_window=\u00a0\u00bboff\u00a0\u00bb use_overlay=\u00a0\u00bboff\u00a0\u00bb align=\u00a0\u00bbcenter\u00a0\u00bb always_center_on_mobile=\u00a0\u00bboff\u00a0\u00bb force_fullwidth=\u00a0\u00bboff\u00a0\u00bb show_bottom_space=\u00a0\u00bbon\u00a0\u00bb \/][\/et_pb_column][\/et_pb_row][et_pb_row custom_padding=\u00a0\u00bb60px|0px|0px|0px\u00a0\u00bb _builder_version=\u00a0\u00bb3.0.87&Prime; background_size=\u00a0\u00bbinitial\u00a0\u00bb background_position=\u00a0\u00bbtop_left\u00a0\u00bb background_repeat=\u00a0\u00bbrepeat\u00a0\u00bb][et_pb_column type=\u00a0\u00bb1_3&Prime;][et_pb_image src=\u00a0\u00bbhttp:\/\/uneglaceaparis.fr\/web\/wp-content\/uploads\/2017\/11\/E.png\u00a0\u00bb disabled_on=\u00a0\u00bbon|on|\u00a0\u00bb _builder_version=\u00a0\u00bb3.0.87&Prime; border_style_all=\u00a0\u00bbnone\u00a0\u00bb show_in_lightbox=\u00a0\u00bboff\u00a0\u00bb url_new_window=\u00a0\u00bboff\u00a0\u00bb use_overlay=\u00a0\u00bboff\u00a0\u00bb always_center_on_mobile=\u00a0\u00bbon\u00a0\u00bb force_fullwidth=\u00a0\u00bboff\u00a0\u00bb show_bottom_space=\u00a0\u00bbon\u00a0\u00bb align=\u00a0\u00bbright\u00a0\u00bb animation_style=\u00a0\u00bbbounce\u00a0\u00bb \/][\/et_pb_column][et_pb_column type=\u00a0\u00bb2_3&Prime;][et_pb_text _builder_version=\u00a0\u00bb3.0.87&Prime; text_orientation=\u00a0\u00bbjustified\u00a0\u00bb module_alignment=\u00a0\u00bbleft\u00a0\u00bb background_layout=\u00a0\u00bblight\u00a0\u00bb] EMMANUEL RYON Pour Emmanuel Ryon , la gourmandise c\u2019est avant [&hellip;]<\/p>\n","protected":false},"author":3,"featured_media":0,"parent":0,"menu_order":0,"comment_status":"closed","ping_status":"closed","template":"","meta":[],"_links":{"self":[{"href":"https:\/\/uneglaceaparis.fr\/web\/index.php\/wp-json\/wp\/v2\/pages\/233"}],"collection":[{"href":"https:\/\/uneglaceaparis.fr\/web\/index.php\/wp-json\/wp\/v2\/pages"}],"about":[{"href":"https:\/\/uneglaceaparis.fr\/web\/index.php\/wp-json\/wp\/v2\/types\/page"}],"author":[{"embeddable":true,"href":"https:\/\/uneglaceaparis.fr\/web\/index.php\/wp-json\/wp\/v2\/users\/3"}],"replies":[{"embeddable":true,"href":"https:\/\/uneglaceaparis.fr\/web\/index.php\/wp-json\/wp\/v2\/comments?post=233"}],"version-history":[{"count":19,"href":"https:\/\/uneglaceaparis.fr\/web\/index.php\/wp-json\/wp\/v2\/pages\/233\/revisions"}],"predecessor-version":[{"id":3415,"href":"https:\/\/uneglaceaparis.fr\/web\/index.php\/wp-json\/wp\/v2\/pages\/233\/revisions\/3415"}],"wp:attachment":[{"href":"https:\/\/uneglaceaparis.fr\/web\/index.php\/wp-json\/wp\/v2\/media?parent=233"}],"curies":[{"name":"wp","href":"https:\/\/api.w.org\/{rel}","templated":true}]}}